{"id":79,"date":"2020-01-27T11:42:44","date_gmt":"2020-01-27T10:42:44","guid":{"rendered":"http:\/\/location-villa-cap-agde.com\/?page_id=79"},"modified":"2025-01-12T17:56:18","modified_gmt":"2025-01-12T16:56:18","slug":"description","status":"publish","type":"page","link":"https:\/\/location-villa-cap-agde.com\/index.php\/description\/","title":{"rendered":"Descriptif"},"content":{"rendered":"<div class=\"wp-block-image is-style-circle-mask is-style-default\">\n<figure class=\"alignleft size-large is-resized\"><img loading=\"lazy\" decoding=\"async\" width=\"1024\" height=\"768\" src=\"http:\/\/location-villa-cap-agde.com\/wp-content\/uploads\/2020\/02\/villa_agde13-1024x768.jpg\" alt=\"\" class=\"wp-image-286\" style=\"width:292px;height:219px\" srcset=\"https:\/\/location-villa-cap-agde.com\/wp-content\/uploads\/2020\/02\/villa_agde13-1024x768.jpg 1024w, https:\/\/location-villa-cap-agde.com\/wp-content\/uploads\/2020\/02\/villa_agde13-300x225.jpg 300w, https:\/\/location-villa-cap-agde.com\/wp-content\/uploads\/2020\/02\/villa_agde13-768x576.jpg 768w, https:\/\/location-villa-cap-agde.com\/wp-content\/uploads\/2020\/02\/villa_agde13.jpg 1380w\" sizes=\"auto, (max-width: 1024px) 100vw, 1024px\" \/><\/figure>\n<\/div>\n\n\n<p class=\"has-text-align-justify\">Cette maison est celle o\u00f9 nous vivons. Nous en prenons soin et l&#8217;embellissons en permanence. La location l&rsquo;\u00e9t\u00e9 nous permet de partir en balade et nous devenons donc \u00e0 notre tour des locataires.<\/p>\n\n\n\n<p class=\"has-text-align-justify has-very-dark-gray-color has-pale-cyan-blue-background-color has-text-color has-background\"><strong>Les chambres :<\/strong> 8 couchages en tout<br><strong>1\u00e8me<\/strong> : chambre parentale lit en 180, smart-t\u00e9l\u00e9vision, dressing, salle de bain (baignoire, douche \u00e0 l&rsquo;italienne, WC ind\u00e9pendant). Baie vitr\u00e9e donnant sur la terrasse.<br><strong>2\u00e8me<\/strong> : chambre lit en 160, placard, salle de bain avec douche \u00e0 l&rsquo;Italienne<br><strong>3\u00e8me<\/strong> : chambre lit en 160 plus un BZ convertible 2 places, placard, salle de bain commune avec la chambre 2.<\/p>\n\n\n<div class=\"wp-block-image is-style-circle-mask is-style-default\">\n<figure class=\"alignright size-medium\"><img loading=\"lazy\" decoding=\"async\" width=\"300\" height=\"225\" src=\"http:\/\/location-villa-cap-agde.com\/wp-content\/uploads\/2020\/01\/IMG_20180117_131546-300x225.jpg\" alt=\"\" class=\"wp-image-72\" srcset=\"https:\/\/location-villa-cap-agde.com\/wp-content\/uploads\/2020\/01\/IMG_20180117_131546-300x225.jpg 300w, https:\/\/location-villa-cap-agde.com\/wp-content\/uploads\/2020\/01\/IMG_20180117_131546-768x576.jpg 768w, https:\/\/location-villa-cap-agde.com\/wp-content\/uploads\/2020\/01\/IMG_20180117_131546.jpg 1024w\" sizes=\"auto, (max-width: 300px) 100vw, 300px\" \/><figcaption class=\"wp-element-caption\">Cuisine<\/figcaption><\/figure>\n<\/div>\n\n\n<p class=\"has-text-align-justify\"><strong>La cuisine :<\/strong><br>Enti\u00e8rement \u00e9quip\u00e9e, frigo am\u00e9ricain, lave vaisselle, four, micro onde, machine \u00e0 caf\u00e9, plaque induction,  vaisselle etc\u2026<br><strong>Cellier<\/strong> : avec cave \u00e0 vin et lave linge.<\/p>\n\n\n<div class=\"wp-block-image is-style-circle-mask is-style-rounded\">\n<figure class=\"alignleft size-medium\"><img loading=\"lazy\" decoding=\"async\" width=\"300\" height=\"225\" src=\"http:\/\/location-villa-cap-agde.com\/wp-content\/uploads\/2020\/01\/IMG_20180117_110302-300x225.jpg\" alt=\"\" class=\"wp-image-58\" srcset=\"https:\/\/location-villa-cap-agde.com\/wp-content\/uploads\/2020\/01\/IMG_20180117_110302-300x225.jpg 300w, https:\/\/location-villa-cap-agde.com\/wp-content\/uploads\/2020\/01\/IMG_20180117_110302-768x576.jpg 768w, https:\/\/location-villa-cap-agde.com\/wp-content\/uploads\/2020\/01\/IMG_20180117_110302.jpg 1024w\" sizes=\"auto, (max-width: 300px) 100vw, 300px\" \/><figcaption class=\"wp-element-caption\">S\u00e9jour<\/figcaption><\/figure>\n<\/div>\n\n\n<p class=\"has-text-align-justify has-very-dark-gray-color has-pale-cyan-blue-background-color has-text-color has-background\"><strong>Le s\u00e9jour :<br>coin salon<\/strong> : 1 canap\u00e9 3 place 1 canap\u00e9 2 places et 1 fauteuil.<br>Smart- t\u00e9l\u00e9vision (165 cm)<strong><br>Wi-fi <\/strong>(fibre)<strong><br>Coin repas<\/strong> : table pour 8 personnes.<br><strong>Les larges baies vitr\u00e9es \u00e0 ouverture int\u00e9grale s&rsquo;ouvrent de plein pied sur la grande terrasse en bois et la piscine.<\/strong><\/p>\n\n\n<div class=\"wp-block-image is-style-circle-mask is-style-rounded\">\n<figure class=\"alignleft size-medium is-resized\"><img loading=\"lazy\" decoding=\"async\" width=\"300\" height=\"200\" src=\"http:\/\/location-villa-cap-agde.com\/wp-content\/uploads\/2020\/01\/DSC_0003-1-300x200.jpg\" alt=\"\" class=\"wp-image-28\" style=\"width:335px;height:223px\" srcset=\"https:\/\/location-villa-cap-agde.com\/wp-content\/uploads\/2020\/01\/DSC_0003-1-300x200.jpg 300w, https:\/\/location-villa-cap-agde.com\/wp-content\/uploads\/2020\/01\/DSC_0003-1-768x511.jpg 768w, https:\/\/location-villa-cap-agde.com\/wp-content\/uploads\/2020\/01\/DSC_0003-1.jpg 1024w\" sizes=\"auto, (max-width: 300px) 100vw, 300px\" \/><figcaption class=\"wp-element-caption\">Terrasse bois<\/figcaption><\/figure>\n<\/div>\n\n\n<p class=\"has-text-align-justify\"><strong>La terrasse :<br><\/strong>Sans vis \u00e0 vis, en bois exotique de 180 M\u00b2 environ. Une table 8 personnes 6 chaises plus 2 tabourets et 4 transats de bain. Un salon de jardin en r\u00e9sine pour l&rsquo;ap\u00e9ritif. Un mange debout et 4 fauteuils. Stores de protection solaire. Plancha \u00e9lectrique professionnelle. Au bout de la terrasse un jardin enti\u00e8rement arbor\u00e9 pour profiter de l&rsquo;ombre des arbres. <\/p>\n\n\n<div class=\"wp-block-image is-style-circle-mask is-style-default\">\n<figure class=\"alignright size-large is-resized\"><img loading=\"lazy\" decoding=\"async\" width=\"1024\" height=\"681\" src=\"http:\/\/location-villa-cap-agde.com\/wp-content\/uploads\/2020\/05\/cap_agde17-1024x681.jpg\" alt=\"\" class=\"wp-image-425\" style=\"width:345px;height:229px\" srcset=\"https:\/\/location-villa-cap-agde.com\/wp-content\/uploads\/2020\/05\/cap_agde17-1024x681.jpg 1024w, https:\/\/location-villa-cap-agde.com\/wp-content\/uploads\/2020\/05\/cap_agde17-300x200.jpg 300w, https:\/\/location-villa-cap-agde.com\/wp-content\/uploads\/2020\/05\/cap_agde17-768x511.jpg 768w, https:\/\/location-villa-cap-agde.com\/wp-content\/uploads\/2020\/05\/cap_agde17.jpg 1380w\" sizes=\"auto, (max-width: 1024px) 100vw, 1024px\" \/><figcaption class=\"wp-element-caption\">Couverture t\u00e9lescopique<\/figcaption><\/figure>\n<\/div>\n\n\n<p class=\"has-text-align-justify has-very-dark-gray-color has-pale-cyan-blue-background-color has-text-color has-background\"><strong>La piscine :<\/strong><br>de 9 m\u00e8tres par 4 , un abri de piscine t\u00e9lescopique assure la s\u00e9curit\u00e9 enfant, robot de nettoyage, douche ext\u00e9rieure.<\/p>\n\n\n<div class=\"wp-block-image is-style-rounded\">\n<figure class=\"alignleft size-large is-resized\"><img loading=\"lazy\" decoding=\"async\" width=\"1024\" height=\"683\" src=\"http:\/\/location-villa-cap-agde.com\/wp-content\/uploads\/2022\/04\/DSC00003-1024x683.jpg\" alt=\"\" class=\"wp-image-716\" style=\"width:256px;height:171px\" srcset=\"https:\/\/location-villa-cap-agde.com\/wp-content\/uploads\/2022\/04\/DSC00003-1024x683.jpg 1024w, https:\/\/location-villa-cap-agde.com\/wp-content\/uploads\/2022\/04\/DSC00003-300x200.jpg 300w, https:\/\/location-villa-cap-agde.com\/wp-content\/uploads\/2022\/04\/DSC00003-768x512.jpg 768w, https:\/\/location-villa-cap-agde.com\/wp-content\/uploads\/2022\/04\/DSC00003.jpg 1380w\" sizes=\"auto, (max-width: 1024px) 100vw, 1024px\" \/><figcaption class=\"wp-element-caption\">Entr\u00e9e parking<\/figcaption><\/figure>\n<\/div>\n\n\n<p class=\"has-text-align-justify has-very-dark-gray-color has-text-color\"><strong>Le parking :<br><\/strong>Vos voitures seront en s\u00e9curit\u00e9 \u00e0 l&rsquo;int\u00e9rieur de la propri\u00e9t\u00e9 ferm\u00e9e par un portail automatique t\u00e9l\u00e9command\u00e9.  Il y a de la place pour 6 voitures minimum.<\/p>\n\n\n\n<p class=\"has-very-dark-gray-color has-pale-cyan-blue-background-color has-text-color has-background\">Lits faits \u00e0 l&rsquo;arriv\u00e9e et draps compris.<\/p>\n","protected":false},"excerpt":{"rendered":"<p>Cette maison est celle o\u00f9 nous vivons. Nous en prenons soin et l&#8217;embellissons en permanence. La location l&rsquo;\u00e9t\u00e9 nous permet de partir en balade et nous devenons donc \u00e0 notre tour des locataires. Les&#46;&#46;&#46;<\/p>\n","protected":false},"author":1,"featured_media":0,"parent":0,"menu_order":0,"comment_status":"closed","ping_status":"closed","template":"","meta":{"footnotes":""},"class_list":["post-79","page","type-page","status-publish","hentry"],"yoast_head":"<!-- This site is optimized with the Yoast SEO plugin v27.5 - https:\/\/yoast.com\/product\/yoast-seo-wordpress\/ -->\n<title>Descriptif - Villa Cap d&#039;Agde<\/title>\n<meta name=\"description\" content=\"location de vacances villa au Cap d&#039;Agde. Capacit\u00e9 de 8 personnes. Parking s\u00e9curis\u00e9. Piscine. A 150 m\u00e8tres de la plage. Tout confort\" \/>\n<meta name=\"robots\" content=\"index, follow, max-snippet:-1, max-image-preview:large, max-video-preview:-1\" \/>\n<link rel=\"canonical\" href=\"https:\/\/location-villa-cap-agde.com\/index.php\/description\/\" \/>\n<meta property=\"og:locale\" content=\"fr_FR\" \/>\n<meta property=\"og:type\" content=\"article\" \/>\n<meta property=\"og:title\" content=\"Descriptif - Villa Cap d&#039;Agde\" \/>\n<meta property=\"og:description\" content=\"location de vacances villa au Cap d&#039;Agde. Capacit\u00e9 de 8 personnes. Parking s\u00e9curis\u00e9. Piscine. A 150 m\u00e8tres de la plage. Tout confort\" \/>\n<meta property=\"og:url\" content=\"https:\/\/location-villa-cap-agde.com\/index.php\/description\/\" \/>\n<meta property=\"og:site_name\" content=\"Villa Cap d&#039;Agde\" \/>\n<meta property=\"article:modified_time\" content=\"2025-01-12T16:56:18+00:00\" \/>\n<meta property=\"og:image\" content=\"https:\/\/location-villa-cap-agde.com\/wp-content\/uploads\/2020\/02\/villa_agde13.jpg\" \/>\n\t<meta property=\"og:image:width\" content=\"1380\" \/>\n\t<meta property=\"og:image:height\" content=\"1035\" \/>\n\t<meta property=\"og:image:type\" content=\"image\/jpeg\" \/>\n<meta name=\"twitter:card\" content=\"summary_large_image\" \/>\n<meta name=\"twitter:label1\" content=\"Dur\u00e9e de lecture estim\u00e9e\" \/>\n\t<meta name=\"twitter:data1\" content=\"3 minutes\" \/>\n<script type=\"application\/ld+json\" class=\"yoast-schema-graph\">{\"@context\":\"https:\\\/\\\/schema.org\",\"@graph\":[{\"@type\":\"WebPage\",\"@id\":\"https:\\\/\\\/location-villa-cap-agde.com\\\/index.php\\\/description\\\/\",\"url\":\"https:\\\/\\\/location-villa-cap-agde.com\\\/index.php\\\/description\\\/\",\"name\":\"Descriptif - Villa Cap d&#039;Agde\",\"isPartOf\":{\"@id\":\"https:\\\/\\\/location-villa-cap-agde.com\\\/#website\"},\"primaryImageOfPage\":{\"@id\":\"https:\\\/\\\/location-villa-cap-agde.com\\\/index.php\\\/description\\\/#primaryimage\"},\"image\":{\"@id\":\"https:\\\/\\\/location-villa-cap-agde.com\\\/index.php\\\/description\\\/#primaryimage\"},\"thumbnailUrl\":\"http:\\\/\\\/location-villa-cap-agde.com\\\/wp-content\\\/uploads\\\/2020\\\/02\\\/villa_agde13-1024x768.jpg\",\"datePublished\":\"2020-01-27T10:42:44+00:00\",\"dateModified\":\"2025-01-12T16:56:18+00:00\",\"description\":\"location de vacances villa au Cap d'Agde. Capacit\u00e9 de 8 personnes. Parking s\u00e9curis\u00e9. Piscine. A 150 m\u00e8tres de la plage. Tout confort\",\"breadcrumb\":{\"@id\":\"https:\\\/\\\/location-villa-cap-agde.com\\\/index.php\\\/description\\\/#breadcrumb\"},\"inLanguage\":\"fr-FR\",\"potentialAction\":[{\"@type\":\"ReadAction\",\"target\":[\"https:\\\/\\\/location-villa-cap-agde.com\\\/index.php\\\/description\\\/\"]}]},{\"@type\":\"ImageObject\",\"inLanguage\":\"fr-FR\",\"@id\":\"https:\\\/\\\/location-villa-cap-agde.com\\\/index.php\\\/description\\\/#primaryimage\",\"url\":\"https:\\\/\\\/location-villa-cap-agde.com\\\/wp-content\\\/uploads\\\/2020\\\/02\\\/villa_agde13.jpg\",\"contentUrl\":\"https:\\\/\\\/location-villa-cap-agde.com\\\/wp-content\\\/uploads\\\/2020\\\/02\\\/villa_agde13.jpg\",\"width\":1380,\"height\":1035},{\"@type\":\"BreadcrumbList\",\"@id\":\"https:\\\/\\\/location-villa-cap-agde.com\\\/index.php\\\/description\\\/#breadcrumb\",\"itemListElement\":[{\"@type\":\"ListItem\",\"position\":1,\"name\":\"Accueil\",\"item\":\"https:\\\/\\\/location-villa-cap-agde.com\\\/\"},{\"@type\":\"ListItem\",\"position\":2,\"name\":\"Descriptif\"}]},{\"@type\":\"WebSite\",\"@id\":\"https:\\\/\\\/location-villa-cap-agde.com\\\/#website\",\"url\":\"https:\\\/\\\/location-villa-cap-agde.com\\\/\",\"name\":\"Villa Cap d&#039;Agde\",\"description\":\"plein sud \u00e0 150 m\u00e8tres de la plage\",\"publisher\":{\"@id\":\"https:\\\/\\\/location-villa-cap-agde.com\\\/#organization\"},\"potentialAction\":[{\"@type\":\"SearchAction\",\"target\":{\"@type\":\"EntryPoint\",\"urlTemplate\":\"https:\\\/\\\/location-villa-cap-agde.com\\\/?s={search_term_string}\"},\"query-input\":{\"@type\":\"PropertyValueSpecification\",\"valueRequired\":true,\"valueName\":\"search_term_string\"}}],\"inLanguage\":\"fr-FR\"},{\"@type\":\"Organization\",\"@id\":\"https:\\\/\\\/location-villa-cap-agde.com\\\/#organization\",\"name\":\"Villa Cap d&#039;Agde\",\"url\":\"https:\\\/\\\/location-villa-cap-agde.com\\\/\",\"logo\":{\"@type\":\"ImageObject\",\"inLanguage\":\"fr-FR\",\"@id\":\"https:\\\/\\\/location-villa-cap-agde.com\\\/#\\\/schema\\\/logo\\\/image\\\/\",\"url\":\"https:\\\/\\\/location-villa-cap-agde.com\\\/wp-content\\\/uploads\\\/2020\\\/12\\\/cropped-agde.png\",\"contentUrl\":\"https:\\\/\\\/location-villa-cap-agde.com\\\/wp-content\\\/uploads\\\/2020\\\/12\\\/cropped-agde.png\",\"width\":512,\"height\":512,\"caption\":\"Villa Cap d&#039;Agde\"},\"image\":{\"@id\":\"https:\\\/\\\/location-villa-cap-agde.com\\\/#\\\/schema\\\/logo\\\/image\\\/\"}}]}<\/script>\n<!-- \/ Yoast SEO plugin. -->","yoast_head_json":{"title":"Descriptif - Villa Cap d&#039;Agde","description":"location de vacances villa au Cap d'Agde. Capacit\u00e9 de 8 personnes. Parking s\u00e9curis\u00e9. Piscine. A 150 m\u00e8tres de la plage. Tout confort","robots":{"index":"index","follow":"follow","max-snippet":"max-snippet:-1","max-image-preview":"max-image-preview:large","max-video-preview":"max-video-preview:-1"},"canonical":"https:\/\/location-villa-cap-agde.com\/index.php\/description\/","og_locale":"fr_FR","og_type":"article","og_title":"Descriptif - Villa Cap d&#039;Agde","og_description":"location de vacances villa au Cap d'Agde. Capacit\u00e9 de 8 personnes. Parking s\u00e9curis\u00e9. Piscine. A 150 m\u00e8tres de la plage. Tout confort","og_url":"https:\/\/location-villa-cap-agde.com\/index.php\/description\/","og_site_name":"Villa Cap d&#039;Agde","article_modified_time":"2025-01-12T16:56:18+00:00","og_image":[{"width":1380,"height":1035,"url":"https:\/\/location-villa-cap-agde.com\/wp-content\/uploads\/2020\/02\/villa_agde13.jpg","type":"image\/jpeg"}],"twitter_card":"summary_large_image","twitter_misc":{"Dur\u00e9e de lecture estim\u00e9e":"3 minutes"},"schema":{"@context":"https:\/\/schema.org","@graph":[{"@type":"WebPage","@id":"https:\/\/location-villa-cap-agde.com\/index.php\/description\/","url":"https:\/\/location-villa-cap-agde.com\/index.php\/description\/","name":"Descriptif - Villa Cap d&#039;Agde","isPartOf":{"@id":"https:\/\/location-villa-cap-agde.com\/#website"},"primaryImageOfPage":{"@id":"https:\/\/location-villa-cap-agde.com\/index.php\/description\/#primaryimage"},"image":{"@id":"https:\/\/location-villa-cap-agde.com\/index.php\/description\/#primaryimage"},"thumbnailUrl":"http:\/\/location-villa-cap-agde.com\/wp-content\/uploads\/2020\/02\/villa_agde13-1024x768.jpg","datePublished":"2020-01-27T10:42:44+00:00","dateModified":"2025-01-12T16:56:18+00:00","description":"location de vacances villa au Cap d'Agde. Capacit\u00e9 de 8 personnes. Parking s\u00e9curis\u00e9. Piscine. A 150 m\u00e8tres de la plage. Tout confort","breadcrumb":{"@id":"https:\/\/location-villa-cap-agde.com\/index.php\/description\/#breadcrumb"},"inLanguage":"fr-FR","potentialAction":[{"@type":"ReadAction","target":["https:\/\/location-villa-cap-agde.com\/index.php\/description\/"]}]},{"@type":"ImageObject","inLanguage":"fr-FR","@id":"https:\/\/location-villa-cap-agde.com\/index.php\/description\/#primaryimage","url":"https:\/\/location-villa-cap-agde.com\/wp-content\/uploads\/2020\/02\/villa_agde13.jpg","contentUrl":"https:\/\/location-villa-cap-agde.com\/wp-content\/uploads\/2020\/02\/villa_agde13.jpg","width":1380,"height":1035},{"@type":"BreadcrumbList","@id":"https:\/\/location-villa-cap-agde.com\/index.php\/description\/#breadcrumb","itemListElement":[{"@type":"ListItem","position":1,"name":"Accueil","item":"https:\/\/location-villa-cap-agde.com\/"},{"@type":"ListItem","position":2,"name":"Descriptif"}]},{"@type":"WebSite","@id":"https:\/\/location-villa-cap-agde.com\/#website","url":"https:\/\/location-villa-cap-agde.com\/","name":"Villa Cap d&#039;Agde","description":"plein sud \u00e0 150 m\u00e8tres de la plage","publisher":{"@id":"https:\/\/location-villa-cap-agde.com\/#organization"},"potentialAction":[{"@type":"SearchAction","target":{"@type":"EntryPoint","urlTemplate":"https:\/\/location-villa-cap-agde.com\/?s={search_term_string}"},"query-input":{"@type":"PropertyValueSpecification","valueRequired":true,"valueName":"search_term_string"}}],"inLanguage":"fr-FR"},{"@type":"Organization","@id":"https:\/\/location-villa-cap-agde.com\/#organization","name":"Villa Cap d&#039;Agde","url":"https:\/\/location-villa-cap-agde.com\/","logo":{"@type":"ImageObject","inLanguage":"fr-FR","@id":"https:\/\/location-villa-cap-agde.com\/#\/schema\/logo\/image\/","url":"https:\/\/location-villa-cap-agde.com\/wp-content\/uploads\/2020\/12\/cropped-agde.png","contentUrl":"https:\/\/location-villa-cap-agde.com\/wp-content\/uploads\/2020\/12\/cropped-agde.png","width":512,"height":512,"caption":"Villa Cap d&#039;Agde"},"image":{"@id":"https:\/\/location-villa-cap-agde.com\/#\/schema\/logo\/image\/"}}]}},"jetpack_sharing_enabled":true,"_links":{"self":[{"href":"https:\/\/location-villa-cap-agde.com\/index.php\/wp-json\/wp\/v2\/pages\/79","targetHints":{"allow":["GET"]}}],"collection":[{"href":"https:\/\/location-villa-cap-agde.com\/index.php\/wp-json\/wp\/v2\/pages"}],"about":[{"href":"https:\/\/location-villa-cap-agde.com\/index.php\/wp-json\/wp\/v2\/types\/page"}],"author":[{"embeddable":true,"href":"https:\/\/location-villa-cap-agde.com\/index.php\/wp-json\/wp\/v2\/users\/1"}],"replies":[{"embeddable":true,"href":"https:\/\/location-villa-cap-agde.com\/index.php\/wp-json\/wp\/v2\/comments?post=79"}],"version-history":[{"count":90,"href":"https:\/\/location-villa-cap-agde.com\/index.php\/wp-json\/wp\/v2\/pages\/79\/revisions"}],"predecessor-version":[{"id":2267,"href":"https:\/\/location-villa-cap-agde.com\/index.php\/wp-json\/wp\/v2\/pages\/79\/revisions\/2267"}],"wp:attachment":[{"href":"https:\/\/location-villa-cap-agde.com\/index.php\/wp-json\/wp\/v2\/media?parent=79"}],"curies":[{"name":"wp","href":"https:\/\/api.w.org\/{rel}","templated":true}]}}